{"id":430,"date":"2022-09-28T08:11:10","date_gmt":"2022-09-28T08:11:10","guid":{"rendered":"https:\/\/serralleriapineda.com\/aviso-legal\/"},"modified":"2022-09-28T08:11:10","modified_gmt":"2022-09-28T08:11:10","slug":"aviso-legal","status":"publish","type":"page","link":"https:\/\/serralleriapineda.com\/ca\/aviso-legal\/","title":{"rendered":"Aviso legal"},"content":{"rendered":"\n<h1>\n\t\tAviso legal\n\t<\/h1>\n\t<p>CONSTRUCCIONES METALICAS PINEDA S.L. responsable de este sitio web, pone a disposici\u00f3n de los usuarios de Internet el presente documento, cuya finalidad es cumplir las obligaciones establecidas en la Ley 34\/2002, de 11 de junio, de Servicios de la Sociedad de la Informaci\u00f3n y de Comercio Electr\u00f3nico (LSSICE) y dem\u00e1s normativa aplicable, as\u00ed como proporcionar informaci\u00f3n sobre las condiciones de uso.<\/p>\n<h3>DATOS IDENTIFICATIVOS<\/h3>\n<p>Las presentes disposiciones regulan el uso del servicio del portal de Internet que CONSTRUCCIONES METALICAS PINEDA S.L pone a disposici\u00f3n de los usuarios de Internet.<\/p>\n<p>CONSTRUCCIONES METALICAS PINEDA S.L es una sociedad espa\u00f1ola con domicilio en calle Nonell, 2, 08397 Pineda de Mar inscrita en el Registro MERCANTIL de Barcelona, Tomo 31650, Folio 197, Hoja B-197127.<\/p>\n<h3>USUARIOS<\/h3>\n<p>Toda persona, ya sea f\u00edsica o jur\u00eddica, que acceda, navegue, utilice o participe en los servicios y actividades, gratuitas u onerosas, desarrolladas mediante esta p\u00e1gina web asume la condici\u00f3n de USUARIO, y como tal, a trav\u00e9s de dicho acceso, se compromete a la observancia y riguroso cumplimiento de las disposiciones aqu\u00ed presentes, as\u00ed como a cualquier otra disposici\u00f3n legal que resulte de aplicaci\u00f3n, oblig\u00e1ndose as\u00ed a hacer un uso correcto del sitio web. El usuario responder\u00e1 frente a CONSTRUCCIONES METALICAS PINEDA S.L. o frente a terceros, de cualesquiera da\u00f1os y perjuicios que pudieran causarse como consecuencia del incumplimiento de dicha obligaci\u00f3n.<\/p>\n<h3>ACCESO Y CONDICIONES DE USO<\/h3>\n<p>Las presentes condiciones de uso y navegaci\u00f3n tienen como finalidad regular la relaci\u00f3n entre el titular de la p\u00e1gina web, CONSTRUCCIONES METALICAS PINEDA S.L, como prestador del servicio, y los usuarios que acceden, navegan y disfrutan del servicio ofrecido.<\/p>\n<p>El acceso general y navegaci\u00f3n a trav\u00e9s del sitio web no conlleva registro previo.<\/p>\n<p>La naturaleza de los contenidos del sitio web se dirigen a usuarios mayores de 18 a\u00f1os.<\/p>\n<p>WWW.SERRALLERIAPINEDA.COM proporciona el acceso libre y gratuito a gran cantidad de informaci\u00f3n, servicios y datos (en adelante, &#8220;los contenidos&#8221;), cuya propiedad pertenece a CONSTRUCCIONES METALICAS PINEDA S.L o a sus licenciantes a los que el usuario puede tener acceso.<\/p>\n<p>El usuario se compromete a utilizar los Contenidos de conformidad con la Ley y el presente Aviso Legal, as\u00ed como las dem\u00e1s condiciones, reglamentos e instrucciones que en su caso pudieran ser de aplicaci\u00f3n. Con car\u00e1cter meramente enunciativo, el Usuario de acuerdo con la legislaci\u00f3n vigente deber\u00e1 abstenerse de:<\/p>\n<ul>\n<li>a) Reproducir, copiar, distribuir, poner a disposici\u00f3n, comunicar p\u00fablicamente, transformar o modificar los Contenidos salvo en los casos autorizados en la ley o expresamente consentidos por CONSTRUCCIONES METALICAS PINEDA S.L o por quien ostente la titularidad de los derechos de explotaci\u00f3n en su caso.<\/li>\n<li>b) Reproducir o copiar para uso privado los Contenidos que puedan ser considerados como software o base de datos de conformidad con la legislaci\u00f3n vigente en materia de propiedad intelectual, as\u00ed como su comunicaci\u00f3n p\u00fablica o puesta a disposici\u00f3n de terceros cuando estos actos impliquen necesariamente la reproducci\u00f3n por parte del Usuario o de un tercero.<\/li>\n<li>c) Extraer y\/o reutilizar la totalidad o una parte sustancial de los Contenidos, as\u00ed como de las bases de datos que CONSTRUCCIONES METALICAS PINEDA S.L. ponga a disposici\u00f3n de los Usuarios.<\/li>\n<\/ul>\n<p>CONSTRUCCIONES METALICAS PINEDA S.L. se reserva el derecho a modificar, suspender, cancelar o restringir el contenido del Portal, los v\u00ednculos o la informaci\u00f3n obtenida a trav\u00e9s de ella, sin necesidad de previo aviso.<\/p>\n<p>Queda prohibido transmitir o enviar a trav\u00e9s del Portal cualquier contenido ilegal o il\u00edcito, virus inform\u00e1ticos, o mensajes que, en general, afecten o violen derechos de CONSTRUCCIONES METALICAS PINEDA S.L. . o de terceros.<\/p>\n<p>Cualquier incumplimiento de las cl\u00e1usulas contenidas en el presente sitio web (Aviso Legal, Pol\u00edtica de Privacidad, Pol\u00edtica de Cookies, as\u00ed como otros contenidos que supongan obligaciones para el usuario) y en general de la legalidad vigente en Espa\u00f1a, se comunicar\u00e1 inmediatamente por parte de CONSTRUCCIONES METALICAS PINEDA S.L. . a las autoridades pertinentes, comprometi\u00e9ndose \u00e9sta a cooperar con las mismas. En tal caso, el usuario responder\u00e1 frente a CONSTRUCCIONES METALICAS PINEDA S.L. o frente a terceros, de cualesquiera da\u00f1os y perjuicios que pudieran causarse como consecuencia del incumplimiento de estas obligaciones.<\/p>\n<p>CONSTRUCCIONES METALICAS PINEDA S.L. no garantiza que su p\u00e1gina web cumpla, total o parcialmente, con las legislaciones de otros pa\u00edses. Por tanto, si el usuario reside o se encuentra domiciliado en cualquier otro lugar que no sea Espa\u00f1a, y decide acceder y\/o navegar en el presente sitio web, lo har\u00e1 bajo su propia responsabilidad y riesgo, debiendo asegurarse de que tal acceso y\/o navegaci\u00f3n cumple con la legislaci\u00f3n local aplicable en su caso.<\/p>\n<p>CONSTRUCCIONES METALICAS PINEDA S.L. no se hace responsable de ning\u00fan da\u00f1o o p\u00e9rdida que se derive de un ataque de denegaci\u00f3n de servicio, virus o cualquier otro programa o material tecnol\u00f3gicamente perjudicial que pueda afectar a su ordenador, equipo inform\u00e1tico, datos o materiales como consecuencia del uso de esta p\u00e1gina web o de la descarga de contenidos de la misma o a los que la misma redireccione.<\/p>\n<h3>NOTIFICACIONES<\/h3>\n<p>Todas las notificaciones y comunicaciones entre los usuarios y CONSTRUCCIONES METALICAS PINEDA S.L. se considerar\u00e1n eficaces, a todos los efectos, cuando se realicen a trav\u00e9s de correo postal, correo electr\u00f3nico o comunicaci\u00f3n telef\u00f3nica. Los usuarios deber\u00e1n dirigirse CONSTRUCCIONES METALICAS PINEDA S.L. . mediante:<\/p>\n<ul>\n<li>a) Env\u00edo por correo postal a la siguiente direcci\u00f3n: calle Nonell, 2 de 08397 Pineda de Mar<\/li>\n<li>b) Comunicaci\u00f3n por medio de llamada telef\u00f3nica al n\u00famero de tel\u00e9fono: 937670909<\/li>\n<li>c) Env\u00edo por correo electr\u00f3nico a siguiente direcci\u00f3n: oficina@serralleriapineda.com<\/li>\n<\/ul>\n<p>Mediante el uso de esta p\u00e1gina web, el usuario acepta impl\u00edcitamente que la mayor parte de las comunicaciones se realizar\u00e1n por v\u00eda electr\u00f3nica. A efectos contractuales, el usuario consiente usar este medio electr\u00f3nico de comunicaci\u00f3n y reconoce que toda comunicaci\u00f3n que se le env\u00ede de forma electr\u00f3nica cumple con los requisitos legales.<\/p>\n<h3>PROTECCI\u00d3N DE DATOS DE CAR\u00c1CTER PERSONAL<\/h3>\nEl titular de la p\u00e1gina web se compromete a tratar los datos personales del usuario de conformidad con lo establecido en la legislaci\u00f3n vigente en la materia. Concretamente, se compromete a aplicar lo dispuesto en la LO 3\/2018, de 5 de diciembre, de Protecci\u00f3n de Datos de Car\u00e1cter Personal y garant\u00eda de los derechos digitales, y en el Reglamento (UE) 2016\/679 del Parlamento Europeo y del Consejo de 27 de abril de 2016.<br \/>\nPara m\u00e1s informaci\u00f3n sobre el tratamiento de sus datos personales en el portal, dir\u00edjase a la Pol\u00edtica de Privacidad.\n<h3>PROPIEDAD INTELECTUAL E INDUSTRIAL<\/h3>\n<p>Todos los contenidos del sitio web, entre otros, textos, fotograf\u00edas, gr\u00e1ficos, im\u00e1genes, iconos, tecnolog\u00eda, software, links y dem\u00e1s contenidos audiovisuales, as\u00ed como su dise\u00f1o gr\u00e1fico y c\u00f3digos fuente, constituyen una obra cuya propiedad pertenece a CONSTRUCCIONES METALICAS PINEDA S.L. ., sin que puedan entenderse cedidos al usuario ninguno de los derechos de explotaci\u00f3n sobre los mismos m\u00e1s all\u00e1 de lo estrictamente necesario para el correcto uso de la web, y con independencia de que sean susceptibles o no de propiedad intelectual.<\/p>\n<p>Asimismo, todas las marcas, nombres comerciales o signos distintivos de cualquier clase que aparecen en el sitio web son propiedad de CONSTRUCCIONES METALICAS PINEDA S.L. , o de terceros, sin que pueda entenderse que el uso o acceso al mismo atribuya al usuario derecho alguno sobre los mismos.<\/p>\n<p>Queda prohibida la reproducci\u00f3n total o parcial, explotaci\u00f3n, distribuci\u00f3n, modificaci\u00f3n, cesi\u00f3n o comunicaci\u00f3n p\u00fablica de los contenidos y cualquier otro acto que no haya sido expresamente autorizado por el titular de los derechos de explotaci\u00f3n. Cualquier uso no autorizado previamente se considera un incumplimiento grave de los derechos de propiedad intelectual o industrial del autor.<\/p>\n<p>Para realizar cualquier tipo de observaci\u00f3n respecto a posibles incumplimientos de los derechos de propiedad intelectual o industrial, as\u00ed como sobre cualquiera de los contenidos del sitio web, el usuario deber\u00e1 notificar dicha circunstancia a CONSTRUCCIONES METALICAS PINEDA S.L. adjuntando la informaci\u00f3n pertinente.<\/p>\n<p>En cualquier caso, CONSTRUCCIONES METALICAS PINEDA S.L. no asume responsabilidad alguna respecto de los derechos de propiedad intelectual o industrial titularidad de terceros que se vean infringidos por un tercero o por el usuario.<\/p>\n<h3>ENLACES<\/h3>\n<p>El sitio web de CONSTRUCCIONES METALICAS PINEDA S.L. puede contener enlaces o hiperv\u00ednculos a otros sitios de Internet, respecto a los cuales no ejerce ning\u00fan tipo de control. Por tanto, una vez que el usuario acceda a los enlaces de terceros y abandone el sitio web, tanto el presente Aviso Legal, como la Pol\u00edtica de Privacidad y la Pol\u00edtica de Cookies dejar\u00e1n de surtir efecto, ya que los sitios web a los que el usuario acceda est\u00e1n sujetos a sus propias pol\u00edticas.<\/p>\n<p>CONSTRUCCIONES METALICAS PINEDA S.L. no puede asumir responsabilidad alguna por el contenido que pueda aparecer en p\u00e1ginas de terceros, ni garantiza la disponibilidad t\u00e9cnica, calidad, fiabilidad, exactitud, amplitud, veracidad, validez y constitucionalidad de cualquier material o informaci\u00f3n contenida en ninguno de dichos enlaces o hiperv\u00ednculos. Asimismo, la inclusi\u00f3n de estas conexiones externas a sitios web ajenos no implica ning\u00fan tipo de asociaci\u00f3n, fusi\u00f3n o participaci\u00f3n con las entidades conectadas.<\/p>\n<h3>EXCLUSI\u00d3N DE GARANT\u00cdAS Y RESPONSABILIDAD<\/h3>\n<p>La informaci\u00f3n suministrada por del presente sitio web es de car\u00e1cter general y tiene una finalidad meramente informativa, sin que se garantice plenamente el acceso a todos los contenidos, ni su exactitud, exhaustividad, correcci\u00f3n, vigencia o actualidad, ni su idoneidad o utilidad para un objetivo espec\u00edfico.<\/p>\n<p>CONSTRUCCIONES METALICAS PINEDA S.L. no se hace responsable, en ning\u00fan caso, de los da\u00f1os y perjuicios de cualquier naturaleza derivados de, a t\u00edtulo enunciativo:<\/p>\n<ul>\n<li>Errores u omisiones en los contenidos. CONSTRUCCIONES METALICAS PINEDA S.L no garantiza que los contenidos vayan a estar actualizados permanentemente, ni que carezcan de cualquier tipo de error.<\/li>\n<li>Ausencia de disponibilidad del portal. CONSTRUCCIONES METALICAS PINEDA S.L. no se hace responsable de los posibles da\u00f1os o perjuicios generados en el usuario como consecuencia de fallos o desconexiones en las redes de telecomunicaciones que supongan la suspensi\u00f3n, cancelaci\u00f3n o interrupci\u00f3n del servicio del sitio web, ya que el funcionamiento de estas redes depende de terceros.<\/li>\n<li>Presencia de virus o programas maliciosos o lesivos en los contenidos que puedan alterar los sistemas inform\u00e1ticos, documentos electr\u00f3nicos o datos de los usuarios, a pesar de haber adoptado todas las medidas tecnol\u00f3gicas necesarias para prevenirlo. Corresponde al usuario, en todo caso, estar provisto de herramientas adecuadas que le protejan ante programas inform\u00e1ticos da\u00f1inos.<\/li>\n<\/ul>\n<h3>LEY APLICABLE Y JURISDICCI\u00d3N<\/h3>\n<p>Las relaciones establecidas entre CONSTRUCCIONES METALICAS PINEDA S.L. titular de la p\u00e1gina web, y el usuario se regir\u00e1 por la normativa espa\u00f1ola vigente y la resoluci\u00f3n de cualquier posible controversia que pueda surgir quedar\u00e1 sometida a los Juzgados y tribunales de la ciudad de Arenys de Mar.<\/p>\n\n","protected":false},"excerpt":{"rendered":"<p>Aviso legal CONSTRUCCIONES METALICAS PINEDA S.L. responsable de este sitio web, pone a disposici\u00f3n de los usuarios de Internet el presente documento, cuya finalidad es cumplir las obligaciones establecidas en la Ley 34\/2002, de 11 de junio, de Servicios de la Sociedad de la Informaci\u00f3n y de Comercio Electr\u00f3nico (LSSICE) y dem\u00e1s normativa aplicable, as\u00ed&hellip;<\/p>\n","protected":false},"author":3,"featured_media":0,"parent":0,"menu_order":0,"comment_status":"closed","ping_status":"closed","template":"","meta":{"_acf_changed":false,"footnotes":""},"class_list":["post-430","page","type-page","status-publish","hentry"],"acf":[],"yoast_head":"<!-- This site is optimized with the Yoast SEO plugin v26.0 - https:\/\/yoast.com\/wordpress\/plugins\/seo\/ -->\n<title>Aviso legal - SERRALLERIA PINEDA<\/title>\n<meta name=\"description\" content=\"Aviso legal CONSTRUCCIONES METALICAS PINEDA S.L. responsable de este sitio web, pone a disposici\u00f3n de los usuarios de Internet el presente documento, cuya\" \/>\n<meta name=\"robots\" content=\"index, follow, max-snippet:-1, max-image-preview:large, max-video-preview:-1\" \/>\n<link rel=\"canonical\" href=\"https:\/\/serralleriapineda.com\/ca\/aviso-legal\/\" \/>\n<meta property=\"og:locale\" content=\"ca_ES\" \/>\n<meta property=\"og:type\" content=\"article\" \/>\n<meta property=\"og:title\" content=\"Aviso legal - SERRALLERIA PINEDA\" \/>\n<meta property=\"og:description\" content=\"Aviso legal CONSTRUCCIONES METALICAS PINEDA S.L. responsable de este sitio web, pone a disposici\u00f3n de los usuarios de Internet el presente documento, cuya\" \/>\n<meta property=\"og:url\" content=\"https:\/\/serralleriapineda.com\/ca\/aviso-legal\/\" \/>\n<meta property=\"og:site_name\" content=\"SERRALLERIA PINEDA\" \/>\n<meta name=\"twitter:card\" content=\"summary_large_image\" \/>\n<meta name=\"twitter:label1\" content=\"Temps estimat de lectura\" \/>\n\t<meta name=\"twitter:data1\" content=\"9 minuts\" \/>\n<script type=\"application\/ld+json\" class=\"yoast-schema-graph\">{\"@context\":\"https:\/\/schema.org\",\"@graph\":[{\"@type\":\"WebPage\",\"@id\":\"https:\/\/serralleriapineda.com\/ca\/aviso-legal\/\",\"url\":\"https:\/\/serralleriapineda.com\/ca\/aviso-legal\/\",\"name\":\"Aviso legal - SERRALLERIA PINEDA\",\"isPartOf\":{\"@id\":\"https:\/\/serralleriapineda.com\/ca\/#website\"},\"datePublished\":\"2022-09-28T08:11:10+00:00\",\"description\":\"Aviso legal CONSTRUCCIONES METALICAS PINEDA S.L. responsable de este sitio web, pone a disposici\u00f3n de los usuarios de Internet el presente documento, cuya\",\"breadcrumb\":{\"@id\":\"https:\/\/serralleriapineda.com\/ca\/aviso-legal\/#breadcrumb\"},\"inLanguage\":\"ca\",\"potentialAction\":[{\"@type\":\"ReadAction\",\"target\":[\"https:\/\/serralleriapineda.com\/ca\/aviso-legal\/\"]}]},{\"@type\":\"BreadcrumbList\",\"@id\":\"https:\/\/serralleriapineda.com\/ca\/aviso-legal\/#breadcrumb\",\"itemListElement\":[{\"@type\":\"ListItem\",\"position\":1,\"name\":\"Portada\",\"item\":\"https:\/\/serralleriapineda.com\/ca\/\"},{\"@type\":\"ListItem\",\"position\":2,\"name\":\"Aviso legal\"}]},{\"@type\":\"WebSite\",\"@id\":\"https:\/\/serralleriapineda.com\/ca\/#website\",\"url\":\"https:\/\/serralleriapineda.com\/ca\/\",\"name\":\"SERRALLERIA PINEDA\",\"description\":\"Construcciones met\u00e1licas, rejas, cierres met\u00e1licos, automatismos para puertas, trabajos en acero inoxidable\",\"publisher\":{\"@id\":\"https:\/\/serralleriapineda.com\/ca\/#organization\"},\"alternateName\":\"Construcciones met\u00e1licas, rejas, cierres met\u00e1licos, automatismos para puertas, trabajos en acero inoxidable\",\"potentialAction\":[{\"@type\":\"SearchAction\",\"target\":{\"@type\":\"EntryPoint\",\"urlTemplate\":\"https:\/\/serralleriapineda.com\/ca\/?s={search_term_string}\"},\"query-input\":{\"@type\":\"PropertyValueSpecification\",\"valueRequired\":true,\"valueName\":\"search_term_string\"}}],\"inLanguage\":\"ca\"},{\"@type\":\"Organization\",\"@id\":\"https:\/\/serralleriapineda.com\/ca\/#organization\",\"name\":\"SERRALLERIA PINEDA\",\"url\":\"https:\/\/serralleriapineda.com\/ca\/\",\"logo\":{\"@type\":\"ImageObject\",\"inLanguage\":\"ca\",\"@id\":\"https:\/\/serralleriapineda.com\/ca\/#\/schema\/logo\/image\/\",\"url\":\"https:\/\/serralleriapineda.com\/wp-content\/uploads\/2022\/09\/logo-serralleria-pineda.png\",\"contentUrl\":\"https:\/\/serralleriapineda.com\/wp-content\/uploads\/2022\/09\/logo-serralleria-pineda.png\",\"width\":300,\"height\":93,\"caption\":\"SERRALLERIA PINEDA\"},\"image\":{\"@id\":\"https:\/\/serralleriapineda.com\/ca\/#\/schema\/logo\/image\/\"}}]}<\/script>\n<!-- \/ Yoast SEO plugin. -->","yoast_head_json":{"title":"Aviso legal - SERRALLERIA PINEDA","description":"Aviso legal CONSTRUCCIONES METALICAS PINEDA S.L. responsable de este sitio web, pone a disposici\u00f3n de los usuarios de Internet el presente documento, cuya","robots":{"index":"index","follow":"follow","max-snippet":"max-snippet:-1","max-image-preview":"max-image-preview:large","max-video-preview":"max-video-preview:-1"},"canonical":"https:\/\/serralleriapineda.com\/ca\/aviso-legal\/","og_locale":"ca_ES","og_type":"article","og_title":"Aviso legal - SERRALLERIA PINEDA","og_description":"Aviso legal CONSTRUCCIONES METALICAS PINEDA S.L. responsable de este sitio web, pone a disposici\u00f3n de los usuarios de Internet el presente documento, cuya","og_url":"https:\/\/serralleriapineda.com\/ca\/aviso-legal\/","og_site_name":"SERRALLERIA PINEDA","twitter_card":"summary_large_image","twitter_misc":{"Temps estimat de lectura":"9 minuts"},"schema":{"@context":"https:\/\/schema.org","@graph":[{"@type":"WebPage","@id":"https:\/\/serralleriapineda.com\/ca\/aviso-legal\/","url":"https:\/\/serralleriapineda.com\/ca\/aviso-legal\/","name":"Aviso legal - SERRALLERIA PINEDA","isPartOf":{"@id":"https:\/\/serralleriapineda.com\/ca\/#website"},"datePublished":"2022-09-28T08:11:10+00:00","description":"Aviso legal CONSTRUCCIONES METALICAS PINEDA S.L. responsable de este sitio web, pone a disposici\u00f3n de los usuarios de Internet el presente documento, cuya","breadcrumb":{"@id":"https:\/\/serralleriapineda.com\/ca\/aviso-legal\/#breadcrumb"},"inLanguage":"ca","potentialAction":[{"@type":"ReadAction","target":["https:\/\/serralleriapineda.com\/ca\/aviso-legal\/"]}]},{"@type":"BreadcrumbList","@id":"https:\/\/serralleriapineda.com\/ca\/aviso-legal\/#breadcrumb","itemListElement":[{"@type":"ListItem","position":1,"name":"Portada","item":"https:\/\/serralleriapineda.com\/ca\/"},{"@type":"ListItem","position":2,"name":"Aviso legal"}]},{"@type":"WebSite","@id":"https:\/\/serralleriapineda.com\/ca\/#website","url":"https:\/\/serralleriapineda.com\/ca\/","name":"SERRALLERIA PINEDA","description":"Construcciones met\u00e1licas, rejas, cierres met\u00e1licos, automatismos para puertas, trabajos en acero inoxidable","publisher":{"@id":"https:\/\/serralleriapineda.com\/ca\/#organization"},"alternateName":"Construcciones met\u00e1licas, rejas, cierres met\u00e1licos, automatismos para puertas, trabajos en acero inoxidable","potentialAction":[{"@type":"SearchAction","target":{"@type":"EntryPoint","urlTemplate":"https:\/\/serralleriapineda.com\/ca\/?s={search_term_string}"},"query-input":{"@type":"PropertyValueSpecification","valueRequired":true,"valueName":"search_term_string"}}],"inLanguage":"ca"},{"@type":"Organization","@id":"https:\/\/serralleriapineda.com\/ca\/#organization","name":"SERRALLERIA PINEDA","url":"https:\/\/serralleriapineda.com\/ca\/","logo":{"@type":"ImageObject","inLanguage":"ca","@id":"https:\/\/serralleriapineda.com\/ca\/#\/schema\/logo\/image\/","url":"https:\/\/serralleriapineda.com\/wp-content\/uploads\/2022\/09\/logo-serralleria-pineda.png","contentUrl":"https:\/\/serralleriapineda.com\/wp-content\/uploads\/2022\/09\/logo-serralleria-pineda.png","width":300,"height":93,"caption":"SERRALLERIA PINEDA"},"image":{"@id":"https:\/\/serralleriapineda.com\/ca\/#\/schema\/logo\/image\/"}}]}},"_links":{"self":[{"href":"https:\/\/serralleriapineda.com\/ca\/wp-json\/wp\/v2\/pages\/430","targetHints":{"allow":["GET"]}}],"collection":[{"href":"https:\/\/serralleriapineda.com\/ca\/wp-json\/wp\/v2\/pages"}],"about":[{"href":"https:\/\/serralleriapineda.com\/ca\/wp-json\/wp\/v2\/types\/page"}],"author":[{"embeddable":true,"href":"https:\/\/serralleriapineda.com\/ca\/wp-json\/wp\/v2\/users\/3"}],"replies":[{"embeddable":true,"href":"https:\/\/serralleriapineda.com\/ca\/wp-json\/wp\/v2\/comments?post=430"}],"version-history":[{"count":0,"href":"https:\/\/serralleriapineda.com\/ca\/wp-json\/wp\/v2\/pages\/430\/revisions"}],"wp:attachment":[{"href":"https:\/\/serralleriapineda.com\/ca\/wp-json\/wp\/v2\/media?parent=430"}],"curies":[{"name":"wp","href":"https:\/\/api.w.org\/{rel}","templated":true}]}}