{"id":432,"date":"2022-08-31T06:40:35","date_gmt":"2022-08-31T06:40:35","guid":{"rendered":"https:\/\/serralleriapineda.com\/politica-privacidad\/"},"modified":"2022-08-31T06:40:35","modified_gmt":"2022-08-31T06:40:35","slug":"politica-privacidad","status":"publish","type":"page","link":"https:\/\/serralleriapineda.com\/ca\/politica-privacidad\/","title":{"rendered":"Pol\u00edtica de privacidad"},"content":{"rendered":"\n<h1>\n\t\tPol\u00edtica de privacidad\n\t<\/h1>\n\t<h3>PROTECCI\u00d3N DE DATOS DE CAR\u00c1CTER PERSONAL<\/h3>\nCONSTRUCCIONES METALICAS PINEDA S.L. en la presente Pol\u00edtica de Privacidad informa a los usuarios de su p\u00e1gina web www.serralleriapineda.com sobre el tratamiento y protecci\u00f3n de los datos de car\u00e1cter personal de los usuarios que puedan ser recabados mediante su navegaci\u00f3n o contrataci\u00f3n de servicios que realicen en este portal. El uso de esta web por parte del usuario conlleva la aceptaci\u00f3n por su parte de esta Pol\u00edtica de Privacidad.<br \/>\nMediante los formularios de registro del presente sitio web o el env\u00edo de correo electr\u00f3nico se recogen y tratan datos personales de cada usuario que son necesarios para la gesti\u00f3n y mantenimiento de algunos de los servicios prestados y cuyo tratamiento se rige por la presente Pol\u00edtica de Privacidad.\nCONSTRUCCIONES METALICAS PINEDA S.L adopta las medidas necesarias para garantizar la seguridad, integridad y confidencialidad de los datos conforme a lo establecido en el Reglamento (UE) 2016\/679 del Parlamento Europeo y del Consejo, de 27 de abril de 2016, relativo a la protecci\u00f3n de las personas f\u00edsicas en lo que respecta al tratamiento de datos personales y a la libre circulaci\u00f3n de los mismos, Correcci\u00f3n de errores del Reglamento (UE) 2016\/679 del Parlamento Europeo y del Consejo de 27 de abril de 2016, y en aquello no previsto por \u00e9ste por la Ley Org\u00e1nica 3\/2018 de 5 de diciembre, de Protecci\u00f3n de Datos Personales y garant\u00eda de los derechos digitales, el Real Decreto 1720\/2007, de 21 de diciembre, por el que se aprueba el Reglamento de desarrollo de la Ley Org\u00e1nica de Protecci\u00f3n de Datos, y la Ley 34\/2002, de 11 de julio, de Servicios de la Sociedad de la Informaci\u00f3n y de Comercio Electr\u00f3nico.<br \/>\nCONSTRUCCIONES METALICAS PINEDA S.L se compromete a aplicar las medidas de seguridad inform\u00e1tica previstas en la normativa citada previamente, con el objetivo de impedir el acceso o uso indebido de los datos, su manipulaci\u00f3n, deterioro o p\u00e9rdida.\n<h3>RESPONSABLE DEL TRATAMIENTO DE LOS DATOS PERSONALES<\/h3>\nEl responsable del tratamiento de los datos personales que el usuario facilite al acceder y utilizar el sitio web, es, en calidad de propietario:<br \/>\nIdentidad: CONSTRUCCIONES METALICAS PINEDA S.L., con NIF\/CIF B619242025, inscrita en el Registro Mercantil de Barcelona, Tomo 31650, Folio 197, Hoja B-197127, Inscripci\u00f3n 1\u00aa.<br \/>\nDomicilio social: Calle Nonell, 2 08397 Pineda de Mar (Barcelona).<br \/>\nTel\u00e9fono 937670909.<br \/>\nCorreo electr\u00f3nico oficina@serralleriapineda.com\n<h3>FINALIDADES DEL TRATAMIENTO DE DATOS<\/h3>\n<p>CONSTRUCCIONES METALICAS PINEDA S.L trata la informaci\u00f3n solicitada por el Usuario con el fin de atender las solicitudes de diversa \u00edndole llevadas a cabo por parte de este. En funci\u00f3n de la naturaleza de la solicitud, la finalidad perseguir\u00e1, la gesti\u00f3n de i) consultas y solicitudes propuestas, remitidas a trav\u00e9s del formulario de contacto habilitado al efecto, ii) subscripci\u00f3n a la newsletter, iii) inclusi\u00f3n de los datos cedidos en la agenda de contactos, iv) utilizar los datos cedidos como medio de contacto de dicha empresa.<\/p>\n<p>Adem\u00e1s, el tratamiento de estos datos recabados tambi\u00e9n implica gestionar el env\u00edo de la informaci\u00f3n que nos sea solicitada y poder responder a las consultas o cuestiones que el usuario remita a trav\u00e9s del sitio web, facilitando a su vez a los interesados las ofertas de servicios que sean de su inter\u00e9s.<\/p>\n<h3>LEGITIMACI\u00d3N PARA EL TRATAMIENTO DE LOS DATOS<\/h3>\nEl tratamiento de los datos personales que proporciona el usuario se realiza en base a las siguientes bases jur\u00eddicas que legitiman el mismo:<br \/>\nEl consentimiento libre, espec\u00edfico, informado e inequ\u00edvoco, ya que tras la lectura de la presente Pol\u00edtica de Privacidad el usuario queda informado y, en caso de estar conforme, puede aceptarla mediante una declaraci\u00f3n o una clara acci\u00f3n afirmativa, como el marcado de una casilla que se dispone al efecto.\n<h3>DURACI\u00d3N DEL ALMACENAMIENTO DE LOS DATOS<\/h3>\n<p>CONSTRUCCIONES METALICAS PINEDA S.L., como responsable del tratamiento, se compromete a almacenar y gestionar los datos personales e informaci\u00f3n recogida mediante esta p\u00e1gina web con la debida confidencialidad mientras se mantenga la relaci\u00f3n profesional surgida y la persona interesada no solicite su supresi\u00f3n, y en su caso, por un plazo no superior a 5 a\u00f1os, a contar desde la finalizaci\u00f3n de la relaci\u00f3n comercial establecida entre el usuario y CONSTRUCCIONES METALICAS PINEDA S.L No obstante, el responsable del tratamiento podr\u00e1 conservar, debidamente bloqueados, los datos para atender posibles responsabilidades administrativas o jurisdiccionales.<\/p>\n<h3>COMUNICACI\u00d3N DE DATOS<\/h3>\n<p>Con car\u00e1cter general CONSTRUCCIONES METALICAS PINEDA S.L. no comunicar\u00e1 estos datos personales a terceros, con la salvedad de que la prestaci\u00f3n de un servicio implique la necesidad de una relaci\u00f3n contractual con un encargado de tratamiento y ello sea estrictamente necesario para gestionar y mantener la relaci\u00f3n entre el usuario y la mencionada empresa, previa autorizaci\u00f3n expresa por parte del usuario. Esto se har\u00e1 s\u00f3lo durante el tiempo imprescindible para posibilitar la ejecuci\u00f3n del contrato de encargo, y en las mismas condiciones y con las mismas responsabilidades que se le exigen al responsable. Una vez finalizado el encargo, el encargado del tratamiento devolver\u00e1 al Responsable los datos personales y suprimir\u00e1 cualquier copia de la que disponga.<\/p>\n<p>Por otra parte, s\u00f3lo tendr\u00e1n derecho a acceder a estos datos personales los terceros con los que CONSTRUCCIONES METALICAS PINEDA S.L. tenga una obligaci\u00f3n legal o contractual de facilitarlos, entre los que se incluyen, por ejemplo, el Defensor del Pueblo y Jueces y Tribunales interesados en los procedimientos relacionados con las reclamaciones presentadas.<\/p>\n<h3>DERECHOS DE LOS INTERESADOS<\/h3>\nEl usuario podr\u00e1 ejercitar en todo momento, en los t\u00e9rminos establecidos en la legislaci\u00f3n vigente, los derechos de acceso, rectificaci\u00f3n o supresi\u00f3n de datos, solicitar que se limite el tratamiento, oponerse al mismo, solicitar la portabilidad de sus datos, as\u00ed como revocar el consentimiento prestado. El ejercicio de estos derechos puede realizarlo el propio usuario dirigi\u00e9ndose a CONSTRUCCIONES METALICAS PINEDA S.L. en la direcci\u00f3n de su sede social indicada anteriormente; a trav\u00e9s del env\u00edo de un correo electr\u00f3nico a la siguiente direcci\u00f3n oficina@serralleriapineda.com o a la direcci\u00f3n postal calle Nonell, 2 de 08397-Pineda de Mar (Bcn).<br \/>\nPara el efectivo ejercicio de estos derechos, el usuario deber\u00e1 acreditar su identidad facilitando su nombre y apellidos, fotocopia del DNI o documento identificativo equivalente que acredite su identidad, petici\u00f3n en la que se concrete la solicitud, direcci\u00f3n a efectos de notificaciones, y fecha y firma del solicitante.\n<p>Asimismo, el usuario podr\u00e1 reclamar ante la Agencia Espa\u00f1ola de Protecci\u00f3n de Datos (Autoridad de Control competente en esta materia), especialmente cuando no haya obtenido satisfacci\u00f3n en el ejercicio de sus derechos, mediante escrito dirigido a misma, C\/Jorge Juan, n\u00ba 6, 28001 &#8211; Madrid, o atrav\u00e9s de la web: https:\/\/www.agpd.es<\/p>\n\n","protected":false},"excerpt":{"rendered":"<p>Pol\u00edtica de privacidad PROTECCI\u00d3N DE DATOS DE CAR\u00c1CTER PERSONAL CONSTRUCCIONES METALICAS PINEDA S.L. en la presente Pol\u00edtica de Privacidad informa a los usuarios de su p\u00e1gina web www.serralleriapineda.com sobre el tratamiento y protecci\u00f3n de los datos de car\u00e1cter personal de los usuarios que puedan ser recabados mediante su navegaci\u00f3n o contrataci\u00f3n de servicios que realicen&hellip;<\/p>\n","protected":false},"author":3,"featured_media":0,"parent":0,"menu_order":0,"comment_status":"closed","ping_status":"open","template":"","meta":{"_acf_changed":false,"footnotes":""},"class_list":["post-432","page","type-page","status-publish","hentry"],"acf":[],"yoast_head":"<!-- This site is optimized with the Yoast SEO plugin v26.0 - https:\/\/yoast.com\/wordpress\/plugins\/seo\/ -->\n<title>Pol\u00edtica de privacidad - SERRALLERIA PINEDA<\/title>\n<meta name=\"description\" content=\"Pol\u00edtica de privacidad PROTECCI\u00d3N DE DATOS DE CAR\u00c1CTER PERSONAL CONSTRUCCIONES METALICAS PINEDA S.L. en la presente Pol\u00edtica de Privacidad informa a los\" \/>\n<meta name=\"robots\" content=\"index, follow, max-snippet:-1, max-image-preview:large, max-video-preview:-1\" \/>\n<link rel=\"canonical\" href=\"https:\/\/serralleriapineda.com\/ca\/politica-privacidad\/\" \/>\n<meta property=\"og:locale\" content=\"ca_ES\" \/>\n<meta property=\"og:type\" content=\"article\" \/>\n<meta property=\"og:title\" content=\"Pol\u00edtica de privacidad - SERRALLERIA PINEDA\" \/>\n<meta property=\"og:description\" content=\"Pol\u00edtica de privacidad PROTECCI\u00d3N DE DATOS DE CAR\u00c1CTER PERSONAL CONSTRUCCIONES METALICAS PINEDA S.L. en la presente Pol\u00edtica de Privacidad informa a los\" \/>\n<meta property=\"og:url\" content=\"https:\/\/serralleriapineda.com\/ca\/politica-privacidad\/\" \/>\n<meta property=\"og:site_name\" content=\"SERRALLERIA PINEDA\" \/>\n<meta name=\"twitter:card\" content=\"summary_large_image\" \/>\n<meta name=\"twitter:label1\" content=\"Temps estimat de lectura\" \/>\n\t<meta name=\"twitter:data1\" content=\"6 minuts\" \/>\n<script type=\"application\/ld+json\" class=\"yoast-schema-graph\">{\"@context\":\"https:\/\/schema.org\",\"@graph\":[{\"@type\":\"WebPage\",\"@id\":\"https:\/\/serralleriapineda.com\/ca\/politica-privacidad\/\",\"url\":\"https:\/\/serralleriapineda.com\/ca\/politica-privacidad\/\",\"name\":\"Pol\u00edtica de privacidad - SERRALLERIA PINEDA\",\"isPartOf\":{\"@id\":\"https:\/\/serralleriapineda.com\/ca\/#website\"},\"datePublished\":\"2022-08-31T06:40:35+00:00\",\"description\":\"Pol\u00edtica de privacidad PROTECCI\u00d3N DE DATOS DE CAR\u00c1CTER PERSONAL CONSTRUCCIONES METALICAS PINEDA S.L. en la presente Pol\u00edtica de Privacidad informa a los\",\"breadcrumb\":{\"@id\":\"https:\/\/serralleriapineda.com\/ca\/politica-privacidad\/#breadcrumb\"},\"inLanguage\":\"ca\",\"potentialAction\":[{\"@type\":\"ReadAction\",\"target\":[\"https:\/\/serralleriapineda.com\/ca\/politica-privacidad\/\"]}]},{\"@type\":\"BreadcrumbList\",\"@id\":\"https:\/\/serralleriapineda.com\/ca\/politica-privacidad\/#breadcrumb\",\"itemListElement\":[{\"@type\":\"ListItem\",\"position\":1,\"name\":\"Portada\",\"item\":\"https:\/\/serralleriapineda.com\/ca\/\"},{\"@type\":\"ListItem\",\"position\":2,\"name\":\"Pol\u00edtica de privacidad\"}]},{\"@type\":\"WebSite\",\"@id\":\"https:\/\/serralleriapineda.com\/ca\/#website\",\"url\":\"https:\/\/serralleriapineda.com\/ca\/\",\"name\":\"SERRALLERIA PINEDA\",\"description\":\"Construcciones met\u00e1licas, rejas, cierres met\u00e1licos, automatismos para puertas, trabajos en acero inoxidable\",\"publisher\":{\"@id\":\"https:\/\/serralleriapineda.com\/ca\/#organization\"},\"alternateName\":\"Construcciones met\u00e1licas, rejas, cierres met\u00e1licos, automatismos para puertas, trabajos en acero inoxidable\",\"potentialAction\":[{\"@type\":\"SearchAction\",\"target\":{\"@type\":\"EntryPoint\",\"urlTemplate\":\"https:\/\/serralleriapineda.com\/ca\/?s={search_term_string}\"},\"query-input\":{\"@type\":\"PropertyValueSpecification\",\"valueRequired\":true,\"valueName\":\"search_term_string\"}}],\"inLanguage\":\"ca\"},{\"@type\":\"Organization\",\"@id\":\"https:\/\/serralleriapineda.com\/ca\/#organization\",\"name\":\"SERRALLERIA PINEDA\",\"url\":\"https:\/\/serralleriapineda.com\/ca\/\",\"logo\":{\"@type\":\"ImageObject\",\"inLanguage\":\"ca\",\"@id\":\"https:\/\/serralleriapineda.com\/ca\/#\/schema\/logo\/image\/\",\"url\":\"https:\/\/serralleriapineda.com\/wp-content\/uploads\/2022\/09\/logo-serralleria-pineda.png\",\"contentUrl\":\"https:\/\/serralleriapineda.com\/wp-content\/uploads\/2022\/09\/logo-serralleria-pineda.png\",\"width\":300,\"height\":93,\"caption\":\"SERRALLERIA PINEDA\"},\"image\":{\"@id\":\"https:\/\/serralleriapineda.com\/ca\/#\/schema\/logo\/image\/\"}}]}<\/script>\n<!-- \/ Yoast SEO plugin. -->","yoast_head_json":{"title":"Pol\u00edtica de privacidad - SERRALLERIA PINEDA","description":"Pol\u00edtica de privacidad PROTECCI\u00d3N DE DATOS DE CAR\u00c1CTER PERSONAL CONSTRUCCIONES METALICAS PINEDA S.L. en la presente Pol\u00edtica de Privacidad informa a los","robots":{"index":"index","follow":"follow","max-snippet":"max-snippet:-1","max-image-preview":"max-image-preview:large","max-video-preview":"max-video-preview:-1"},"canonical":"https:\/\/serralleriapineda.com\/ca\/politica-privacidad\/","og_locale":"ca_ES","og_type":"article","og_title":"Pol\u00edtica de privacidad - SERRALLERIA PINEDA","og_description":"Pol\u00edtica de privacidad PROTECCI\u00d3N DE DATOS DE CAR\u00c1CTER PERSONAL CONSTRUCCIONES METALICAS PINEDA S.L. en la presente Pol\u00edtica de Privacidad informa a los","og_url":"https:\/\/serralleriapineda.com\/ca\/politica-privacidad\/","og_site_name":"SERRALLERIA PINEDA","twitter_card":"summary_large_image","twitter_misc":{"Temps estimat de lectura":"6 minuts"},"schema":{"@context":"https:\/\/schema.org","@graph":[{"@type":"WebPage","@id":"https:\/\/serralleriapineda.com\/ca\/politica-privacidad\/","url":"https:\/\/serralleriapineda.com\/ca\/politica-privacidad\/","name":"Pol\u00edtica de privacidad - SERRALLERIA PINEDA","isPartOf":{"@id":"https:\/\/serralleriapineda.com\/ca\/#website"},"datePublished":"2022-08-31T06:40:35+00:00","description":"Pol\u00edtica de privacidad PROTECCI\u00d3N DE DATOS DE CAR\u00c1CTER PERSONAL CONSTRUCCIONES METALICAS PINEDA S.L. en la presente Pol\u00edtica de Privacidad informa a los","breadcrumb":{"@id":"https:\/\/serralleriapineda.com\/ca\/politica-privacidad\/#breadcrumb"},"inLanguage":"ca","potentialAction":[{"@type":"ReadAction","target":["https:\/\/serralleriapineda.com\/ca\/politica-privacidad\/"]}]},{"@type":"BreadcrumbList","@id":"https:\/\/serralleriapineda.com\/ca\/politica-privacidad\/#breadcrumb","itemListElement":[{"@type":"ListItem","position":1,"name":"Portada","item":"https:\/\/serralleriapineda.com\/ca\/"},{"@type":"ListItem","position":2,"name":"Pol\u00edtica de privacidad"}]},{"@type":"WebSite","@id":"https:\/\/serralleriapineda.com\/ca\/#website","url":"https:\/\/serralleriapineda.com\/ca\/","name":"SERRALLERIA PINEDA","description":"Construcciones met\u00e1licas, rejas, cierres met\u00e1licos, automatismos para puertas, trabajos en acero inoxidable","publisher":{"@id":"https:\/\/serralleriapineda.com\/ca\/#organization"},"alternateName":"Construcciones met\u00e1licas, rejas, cierres met\u00e1licos, automatismos para puertas, trabajos en acero inoxidable","potentialAction":[{"@type":"SearchAction","target":{"@type":"EntryPoint","urlTemplate":"https:\/\/serralleriapineda.com\/ca\/?s={search_term_string}"},"query-input":{"@type":"PropertyValueSpecification","valueRequired":true,"valueName":"search_term_string"}}],"inLanguage":"ca"},{"@type":"Organization","@id":"https:\/\/serralleriapineda.com\/ca\/#organization","name":"SERRALLERIA PINEDA","url":"https:\/\/serralleriapineda.com\/ca\/","logo":{"@type":"ImageObject","inLanguage":"ca","@id":"https:\/\/serralleriapineda.com\/ca\/#\/schema\/logo\/image\/","url":"https:\/\/serralleriapineda.com\/wp-content\/uploads\/2022\/09\/logo-serralleria-pineda.png","contentUrl":"https:\/\/serralleriapineda.com\/wp-content\/uploads\/2022\/09\/logo-serralleria-pineda.png","width":300,"height":93,"caption":"SERRALLERIA PINEDA"},"image":{"@id":"https:\/\/serralleriapineda.com\/ca\/#\/schema\/logo\/image\/"}}]}},"_links":{"self":[{"href":"https:\/\/serralleriapineda.com\/ca\/wp-json\/wp\/v2\/pages\/432","targetHints":{"allow":["GET"]}}],"collection":[{"href":"https:\/\/serralleriapineda.com\/ca\/wp-json\/wp\/v2\/pages"}],"about":[{"href":"https:\/\/serralleriapineda.com\/ca\/wp-json\/wp\/v2\/types\/page"}],"author":[{"embeddable":true,"href":"https:\/\/serralleriapineda.com\/ca\/wp-json\/wp\/v2\/users\/3"}],"replies":[{"embeddable":true,"href":"https:\/\/serralleriapineda.com\/ca\/wp-json\/wp\/v2\/comments?post=432"}],"version-history":[{"count":0,"href":"https:\/\/serralleriapineda.com\/ca\/wp-json\/wp\/v2\/pages\/432\/revisions"}],"wp:attachment":[{"href":"https:\/\/serralleriapineda.com\/ca\/wp-json\/wp\/v2\/media?parent=432"}],"curies":[{"name":"wp","href":"https:\/\/api.w.org\/{rel}","templated":true}]}}